{"id":5007,"date":"2018-05-29T08:00:32","date_gmt":"2018-05-29T08:00:32","guid":{"rendered":"http:\/\/www.balboa.hr\/?page_id=5007"},"modified":"2018-05-29T08:00:32","modified_gmt":"2018-05-29T08:00:32","slug":"kolacici","status":"publish","type":"page","link":"https:\/\/www.balboa.hr\/en\/kolacici\/","title":{"rendered":"Kola\u010di\u0107i"},"content":{"rendered":"<div id='av_section_1'  class='avia-section av-av_section-bb9bdb22c7f9e6bf1d52c155825dc7f7 main_color avia-section-default avia-no-shadow  avia-builder-el-0  avia-builder-el-no-sibling  avia-bg-style-scroll container_wrap fullsize'  ><div class='container av-section-cont-open' ><main  role=\"main\" itemprop=\"mainContentOfPage\"  class='template-page content  av-content-full alpha units'><div class='post-entry post-entry-type-page post-entry-5007'><div class='entry-content-wrapper clearfix'>\n\n<style type=\"text\/css\" data-created_by=\"avia_inline_auto\" id=\"style-css-av-av_one_full-6126cab7d8fab8d08143dd2dacdf673c\">\n.flex_column.av-av_one_full-6126cab7d8fab8d08143dd2dacdf673c{\nborder-radius:0px 0px 0px 0px;\npadding:0px 0px 0px 0px;\n}\n<\/style>\n<div  class='flex_column av-av_one_full-6126cab7d8fab8d08143dd2dacdf673c av_one_full  avia-builder-el-1  el_before_av_one_full  avia-builder-el-first  first flex_column_div av-zero-column-padding'     ><style type=\"text\/css\" data-created_by=\"avia_inline_auto\" id=\"style-css-av-av_heading-ded9708961cfd56a6c2649de404ccc89\">\n#top .av-special-heading.av-av_heading-ded9708961cfd56a6c2649de404ccc89{\npadding-bottom:10px;\n}\nbody .av-special-heading.av-av_heading-ded9708961cfd56a6c2649de404ccc89 .av-special-heading-tag .heading-char{\nfont-size:25px;\n}\n.av-special-heading.av-av_heading-ded9708961cfd56a6c2649de404ccc89 .av-subheading{\nfont-size:15px;\n}\n<\/style>\n<div  class='av-special-heading av-av_heading-ded9708961cfd56a6c2649de404ccc89 av-special-heading-h2 blockquote modern-quote modern-centered  avia-builder-el-2  avia-builder-el-no-sibling'><h2 class='av-special-heading-tag'  itemprop=\"headline\"  >Kori\u0161tenje kola\u010di\u0107a<\/h2><div class=\"special-heading-border\"><div class=\"special-heading-inner-border\"><\/div><\/div><\/div><\/div>\n<style type=\"text\/css\" data-created_by=\"avia_inline_auto\" id=\"style-css-av-av_one_full-6126cab7d8fab8d08143dd2dacdf673c\">\n.flex_column.av-av_one_full-6126cab7d8fab8d08143dd2dacdf673c{\nborder-radius:0px 0px 0px 0px;\npadding:0px 0px 0px 0px;\n}\n<\/style>\n<div  class='flex_column av-av_one_full-6126cab7d8fab8d08143dd2dacdf673c av_one_full  avia-builder-el-3  el_after_av_one_full  avia-builder-el-last  first flex_column_div av-zero-column-padding  column-top-margin'     ><section  class='av_textblock_section av-av_textblock-0366cc7376be6c9e82a3e9cc8987b64f'   itemscope=\"itemscope\" itemtype=\"https:\/\/schema.org\/CreativeWork\" ><div class='avia_textblock'  itemprop=\"text\" ><div class=\"flex_column av_one_half av-animated-generic bottom-to-top flex_column_div av-zero-column-padding first avia-builder-el-3 el_after_av_one_full el_before_av_one_half column-top-margin avia_start_animation avia_start_delayed_animation\">\n<div class=\"av-special-heading av-special-heading-h2 blockquote modern-quote avia-builder-el-4 el_before_av_textblock avia-builder-el-first\">\n<h2 class=\"av-special-heading-tag\">Uvod<\/h2>\n<\/div>\n<section class=\"av_textblock_section\">\n<div class=\"avia_textblock\">\n<p>Kako bi posje\u0107ivanje na\u0161e internetske stranice bilo \u0161to ugodnije, ova stranica mora na Va\u0161e ra\u010dunalo spremiti malenu koli\u010dinu informacija, tzv. kola\u010di\u0107a (eng. cookies). Kola\u010di\u0107i, izme\u0111u ostalog, slu\u017ee da bi\u00a0 web stranica radila optimalno te kako bismo bili u stanju vr\u0161iti daljnja unaprje\u0111enja stranice u svrhu pobolj\u0161avanja Va\u0161ega iskustva pregledavanja. Kori\u0161tenjem ove web stranice pristajete na uporabu kola\u010di\u0107a. Blokiranje kola\u010di\u0107a je mogu\u0107e, nakon \u010dega \u0107ete i dalje mo\u0107i pregledavati stranicu, no neke njezine mogu\u0107nosti ne\u0107e Vam biti dostupne.<\/p>\n<\/div>\n<\/section>\n<\/div>\n<div class=\"flex_column av_one_half av-animated-generic bottom-to-top flex_column_div av-zero-column-padding avia-builder-el-6 el_after_av_one_half el_before_av_one_half column-top-margin avia_start_animation avia_start_delayed_animation\">\n<div class=\"av-special-heading av-special-heading-h2 blockquote modern-quote avia-builder-el-7 el_before_av_textblock avia-builder-el-first\">\n<h2 class=\"av-special-heading-tag\">\u0160to je kola\u010di\u0107?<\/h2>\n<\/div>\n<section class=\"av_textblock_section\">\n<div class=\"avia_textblock\">\n<p>Kola\u010di\u0107 je informacija spremljena na Va\u0161e ra\u010dunalo, tablet ili mobitel, koja mo\u017ee biti dostavljena neposredno od strane web stranice koju posjetite (kola\u010di\u0107i od prve strane) ili u suradnji i za potrebe web stranice koju posjetite od tre\u0107e strane (kola\u010di\u0107i tre\u0107e strane). Kola\u010di\u0107i obi\u010dno spremaju Va\u0161e postavke, postavke za web stranicu, kao \u0161to su npr. preferirani jezik ili sli\u010dne postavke. Kasnije, kada opet otvorite istu web stranicu, internetski preglednik \u0161alje natrag kola\u010di\u0107e koji pripadaju toj stranici. Ovo omogu\u0107ava stranici da prika\u017ee informacije prilago\u0111ene Va\u0161im potrebama. Kola\u010di\u0107i mogu spremati \u0161irok raspon informacija, uklju\u010duju\u0107i\u00a0 i dio osobnih informacija. Te informacije mogu biti spremljene jedino ukoliko Vi to omogu\u0107ite \u2013 web stranice ne mogu dobiti pristup informacijama koje im niste dali te ne mogu pristupiti drugim datotekama na Va\u0161em ra\u010dunalu.<\/p>\n<\/div>\n<\/section>\n<\/div>\n<div class=\"flex_column av_one_half av-animated-generic bottom-to-top flex_column_div av-zero-column-padding first avia-builder-el-9 el_after_av_one_half el_before_av_one_half column-top-margin avia_start_animation avia_start_delayed_animation\">\n<div class=\"av-special-heading av-special-heading-h2 blockquote modern-quote avia-builder-el-10 el_before_av_textblock avia-builder-el-first\">\n<h2 class=\"av-special-heading-tag\">\u0160to su kola\u010di\u0107i prve strane?<\/h2>\n<\/div>\n<section class=\"av_textblock_section\">\n<div class=\"avia_textblock\">\n<p>Kola\u010di\u0107i prve strane dolaze s web-mjesta koje gledate, a mogu biti stalni ili privremeni. Pomo\u0107u tih kola\u010di\u0107a web-mjesta mogu pohraniti podatke koje \u0107e ponovo koristiti prilikom sljede\u0107eg posjeta tom web-mjestu.<\/p>\n<\/div>\n<\/section>\n<\/div>\n<div class=\"flex_column av_one_half av-animated-generic bottom-to-top flex_column_div av-zero-column-padding avia-builder-el-12 el_after_av_one_half el_before_av_one_half column-top-margin avia_start_animation avia_start_delayed_animation\">\n<div class=\"av-special-heading av-special-heading-h2 blockquote modern-quote avia-builder-el-13 el_before_av_textblock avia-builder-el-first\">\n<h2 class=\"av-special-heading-tag\">\u0160to su kola\u010di\u0107i tre\u0107e strane?<\/h2>\n<\/div>\n<section class=\"av_textblock_section\">\n<div class=\"avia_textblock\">\n<p>Kola\u010di\u0107i prve strane dolaze s web-mjesta koje gledate, a mogu biti stalni ili privremeni. Pomo\u0107u tih kola\u010di\u0107a web-mjesta mogu pohraniti podatke koje \u0107e ponovo koristiti prilikom sljede\u0107eg posjeta tom web-mjestu.<\/p>\n<\/div>\n<\/section>\n<\/div>\n<div class=\"flex_column av_one_half av-animated-generic bottom-to-top flex_column_div av-zero-column-padding first avia-builder-el-15 el_after_av_one_half el_before_av_one_half column-top-margin avia_start_animation avia_start_delayed_animation\">\n<div class=\"av-special-heading av-special-heading-h2 blockquote modern-quote avia-builder-el-16 el_before_av_textblock avia-builder-el-first\">\n<h2 class=\"av-special-heading-tag\">\u0160to su privremeni kola\u010di\u0107i?<\/h2>\n<\/div>\n<section class=\"av_textblock_section\">\n<div class=\"avia_textblock\">\n<p>Kada zatvorite svoj internetski preglednik, tada se privremeni kola\u010di\u0107i uklanjaju s ra\u010dunala. Pomo\u0107u privremenih kola\u010di\u0107a web stranice prikupljaju i pohranjuju privremene podatke. Kada se prijavite sa svojim podacima, tada se pomo\u0107u privremenih kola\u010di\u0107a Vama omogu\u0107uje pristup sadr\u017eaju i informacijama te pogodnostima kojima se mo\u017eete slu\u017eiti kada se ulogirate na web stranicu. One informacije koje niste dali, web stranica ne mo\u017ee niti prikupiti pa time niti ih pohraniti, a ne mogu niti pristupiti bilo kakvim datotekama na Va\u0161em ra\u010dunalu.<\/p>\n<\/div>\n<\/section>\n<\/div>\n<div class=\"flex_column av_one_half av-animated-generic bottom-to-top flex_column_div av-zero-column-padding avia-builder-el-18 el_after_av_one_half el_before_av_one_half column-top-margin avia_start_animation avia_start_delayed_animation\">\n<div class=\"av-special-heading av-special-heading-h2 blockquote modern-quote avia-builder-el-19 el_before_av_textblock avia-builder-el-first\">\n<h2 class=\"av-special-heading-tag\">\u0160to su stalni kola\u010di\u0107i?<\/h2>\n<\/div>\n<section class=\"av_textblock_section\">\n<div class=\"avia_textblock\">\n<p>Stalni kola\u010di\u0107i ostaju na Va\u0161em ra\u010dunalu i onda kada zatvorite va\u0161 internet preglednik. Web stranice pomo\u0107u stalnih kola\u010di\u0107a pohranjuju podatke poput va\u0161eg korisni\u010dkog imena, lozinke tako da se ne morate svaki puta ponovo prijavljivati na nekim web stranicama kojima ste dali svoje podatke, tj. tamo gdje ste se registrirali (ako na web stranici postoji mogu\u0107nost registracije). Stalni kola\u010di\u0107i mogu ostati na Va\u0161em ra\u010dunalu i godinama.<\/p>\n<\/div>\n<\/section>\n<\/div>\n<div class=\"flex_column av_one_half av-animated-generic bottom-to-top flex_column_div av-zero-column-padding first avia-builder-el-21 el_after_av_one_half el_before_av_one_half column-top-margin avia_start_animation avia_start_delayed_animation\">\n<div class=\"av-special-heading av-special-heading-h2 blockquote modern-quote avia-builder-el-22 el_before_av_textblock avia-builder-el-first\">\n<h2 class=\"av-special-heading-tag\">Kori\u0161tenje kola\u010di\u0107a na ovoj web stranici<\/h2>\n<\/div>\n<section class=\"av_textblock_section\">\n<div class=\"avia_textblock\">\n<p>Ova web stranica koristi kola\u010di\u0107e kako bismo omogu\u0107ili bolje korisni\u010dko iskustvo. Kada koristite na\u0161u internetsku stranicu\u00a0mo\u017eete tako\u0111er zaprimiti kola\u010di\u0107 \u201etre\u0107e strane\u201c.<\/p>\n<p>Ova web stranica mo\u017ee upotrebljavati kola\u010di\u0107e u svrhu ogla\u0161avanja proizvoda\/usluga i to na samoj web stranici, na prikaziva\u010dkim mre\u017eama i kroz kori\u0161tenje ponovnog marketinga na usluzi Google Analytics. Upotrebom kola\u010di\u0107a dobavlja\u010di tre\u0107e strane (uklju\u010duju\u0107i i Google), u suradnji s nama, prikazuju na\u0161e oglase na web-lokacijama na cijelom internetu. Posebno isti\u010demo da mo\u017eete isklju\u010diti usluge Google Analytics za ogla\u0161avanje na prikaziva\u010dkoj mre\u017ei i prilagoditi oglase za Google prikaziva\u010dku mre\u017eu pomo\u0107u alata Upravitelj postavki oglasa (www.google.com\/settings\/ads).<\/p>\n<p>Tako\u0111er, u svrhu planiranja objava sadr\u017eaja primjerenih Va\u0161im interesima i budu\u0107ih marketin\u0161kih kampanja koristimo alat Google Analytics Demographics and Interest Reporting gdje mo\u017eemo upotrebljavati podatke iz Googleova ogla\u0161avanja na temelju interesa ili podataka o publici tre\u0107e strane (npr. dob, spol i interesi) na usluzi Google Analytics.\u00a0 Detaljne informacije tre\u0107e strane o ovoj usluzi, kao i o mogu\u0107nostima korisnika da reguliraju postavke kola\u010di\u0107a koji su za to nu\u017eni, dostupne su na:www.google.com\/analytics\/learn\/privacy.html.<\/p>\n<\/div>\n<\/section>\n<\/div>\n<div class=\"flex_column av_one_half av-animated-generic bottom-to-top flex_column_div av-zero-column-padding avia-builder-el-24 el_after_av_one_half el_before_av_one_half column-top-margin avia_start_animation avia_start_delayed_animation\">\n<div class=\"av-special-heading av-special-heading-h2 blockquote modern-quote avia-builder-el-25 el_before_av_textblock avia-builder-el-first\">\n<h2 class=\"av-special-heading-tag\">Kako onemogu\u0107iti kola\u010di\u0107e?<\/h2>\n<\/div>\n<section class=\"av_textblock_section\">\n<div class=\"avia_textblock\">\n<p>Ukoliko \u017eelite mo\u017eete onemogu\u0107iti spremanje kola\u010di\u0107a na Va\u0161e ra\u010dunalo, no blokiranje svih kola\u010di\u0107a moglo bi imati negativan u\u010dinak na kori\u0161tenje mnogih internetskih stranica, pa tako i ove. Postavke kola\u010di\u0107a mogu se kontrolirati i konfigurirati u Va\u0161em internetskome pregledniku. \u017delite li izbrisati ili onemogu\u0107iti kola\u010di\u0107e na svojem ra\u010dunalu potrebno je a\u017eurirati postavke svojeg internetskog preglednika (informacije o na\u010dinu brisanja i onemogu\u0107avanja kola\u010di\u0107a potra\u017eite na svojem pregledniku odabirom izbornika za pomo\u0107).<\/p>\n<p>Dodatne informacija oko isklju\u010divanja kola\u010di\u0107a<\/p>\n<p>Trenutno postoji nekoliko web-stranica za isklju\u010divanje pohranjivanja kola\u010di\u0107a za razli\u010dite servise.<\/p>\n<p>Vi\u0161e se mo\u017eete informirati na sljede\u0107im web adresama:<\/p>\n<ul>\n<li><a href=\"http:\/\/www.allaboutcookies.org\/\">www.allaboutcookies.org<\/a><\/li>\n<li><a href=\"http:\/\/www.youronlinechoices.com\/hr\">www.youronlinechoices.com\/hr<\/a><\/li>\n<li><a href=\"http:\/\/www.aboutads.info\/choices\">www.aboutads.info\/choices<\/a><\/li>\n<\/ul>\n<\/div>\n<\/section>\n<\/div>\n<div class=\"flex_column av_one_half av-animated-generic bottom-to-top flex_column_div av-zero-column-padding first avia-builder-el-27 el_after_av_one_half el_before_av_one_half column-top-margin avia_start_animation avia_start_delayed_animation\">\n<div class=\"av-special-heading av-special-heading-h2 blockquote modern-quote avia-builder-el-28 el_before_av_textblock avia-builder-el-first\">\n<h2 class=\"av-special-heading-tag\">Dru\u0161tvene mre\u017ee<\/h2>\n<\/div>\n<section class=\"av_textblock_section\">\n<div class=\"avia_textblock\">\n<p>Dru\u0161tvene mre\u017ee tako\u0111er mogu postavljati kola\u010di\u0107e na Va\u0161e ra\u010dunalo. To se doga\u0111a na web stranicama koje Vam omogu\u0107avaju prijavu i registraciju preko ra\u010duna dru\u0161tvenih mre\u017ea te ukoliko dijelite sadr\u017eaj web stranice na dru\u0161tvenim mre\u017eama (npr. putem \u201eLike\u201c gumba). Konkretni utjecaj na Va\u0161u privatnost \u0107e se razlikovati od dru\u0161tvene mre\u017ee do dru\u0161tvenu mre\u017ee te ovisi o postavkama privatnosti koje ste izabrali na tim mre\u017eama. Kako upravljati ovim kola\u010di\u0107ima mo\u017eete saznati na njihovim web stranicama.<\/p>\n<\/div>\n<\/section>\n<\/div>\n<div class=\"flex_column av_one_half av-animated-generic bottom-to-top flex_column_div av-zero-column-padding avia-builder-el-30 el_after_av_one_half avia-builder-el-last column-top-margin avia_start_animation avia_start_delayed_animation\">\n<div class=\"av-special-heading av-special-heading-h2 blockquote modern-quote avia-builder-el-31 el_before_av_textblock avia-builder-el-first\">\n<h2 class=\"av-special-heading-tag\">Imate pitanja u vezi s pravilima o kola\u010di\u0107ima?<\/h2>\n<\/div>\n<section class=\"av_textblock_section\">\n<div class=\"avia_textblock\">\n<p>Ako imate pitanja koja se odnose na pravilnik o kola\u010di\u0107ima za ovaj web, obratite nam se putem\u00a0elektroni\u010dke po\u0161te.<\/p>\n<\/div>\n<\/section>\n<\/div>\n<\/div><\/section><\/div>","protected":false},"excerpt":{"rendered":"","protected":false},"author":1,"featured_media":0,"parent":0,"menu_order":0,"comment_status":"closed","ping_status":"closed","template":"","meta":{"inline_featured_image":false,"footnotes":""},"class_list":["post-5007","page","type-page","status-publish","hentry"],"yoast_head":"<!-- This site is optimized with the Yoast SEO plugin v27.4 - https:\/\/yoast.com\/product\/yoast-seo-wordpress\/ -->\n<title>Kola\u010di\u0107i - BALBOA<\/title>\n<meta name=\"robots\" content=\"index, follow, max-snippet:-1, max-image-preview:large, max-video-preview:-1\" \/>\n<link rel=\"canonical\" href=\"https:\/\/www.balboa.hr\/en\/kolacici\/\" \/>\n<meta property=\"og:locale\" content=\"en_US\" \/>\n<meta property=\"og:type\" content=\"article\" \/>\n<meta property=\"og:title\" content=\"Kola\u010di\u0107i - BALBOA\" \/>\n<meta property=\"og:url\" content=\"https:\/\/www.balboa.hr\/en\/kolacici\/\" \/>\n<meta property=\"og:site_name\" content=\"BALBOA\" \/>\n<meta property=\"article:publisher\" content=\"https:\/\/www.facebook.com\/Balboa-524400414336861\/\" \/>\n<meta property=\"og:image\" content=\"https:\/\/www.balboa.hr\/wp-content\/uploads\/2026\/03\/icon-brown.webp\" \/>\n\t<meta property=\"og:image:width\" content=\"400\" \/>\n\t<meta property=\"og:image:height\" content=\"400\" \/>\n\t<meta property=\"og:image:type\" content=\"image\/webp\" \/>\n<meta name=\"twitter:card\" content=\"summary_large_image\" \/>\n<meta name=\"twitter:label1\" content=\"Est. reading time\" \/>\n\t<meta name=\"twitter:data1\" content=\"6 minutes\" \/>\n<script type=\"application\/ld+json\" class=\"yoast-schema-graph\">{\"@context\":\"https:\\\/\\\/schema.org\",\"@graph\":[{\"@type\":\"WebPage\",\"@id\":\"https:\\\/\\\/www.balboa.hr\\\/hr\\\/kolacici\\\/\",\"url\":\"https:\\\/\\\/www.balboa.hr\\\/hr\\\/kolacici\\\/\",\"name\":\"Kola\u010di\u0107i - BALBOA\",\"isPartOf\":{\"@id\":\"https:\\\/\\\/www.balboa.hr\\\/#website\"},\"datePublished\":\"2018-05-29T08:00:32+00:00\",\"breadcrumb\":{\"@id\":\"https:\\\/\\\/www.balboa.hr\\\/hr\\\/kolacici\\\/#breadcrumb\"},\"inLanguage\":\"en-US\",\"potentialAction\":[{\"@type\":\"ReadAction\",\"target\":[\"https:\\\/\\\/www.balboa.hr\\\/hr\\\/kolacici\\\/\"]}]},{\"@type\":\"BreadcrumbList\",\"@id\":\"https:\\\/\\\/www.balboa.hr\\\/hr\\\/kolacici\\\/#breadcrumb\",\"itemListElement\":[{\"@type\":\"ListItem\",\"position\":1,\"name\":\"Home\",\"item\":\"https:\\\/\\\/www.balboa.hr\\\/\"},{\"@type\":\"ListItem\",\"position\":2,\"name\":\"Kola\u010di\u0107i\"}]},{\"@type\":\"WebSite\",\"@id\":\"https:\\\/\\\/www.balboa.hr\\\/#website\",\"url\":\"https:\\\/\\\/www.balboa.hr\\\/\",\"name\":\"Balboa\",\"description\":\"OPREMANJE I URE\u0110ENJE INTERIJERA\",\"publisher\":{\"@id\":\"https:\\\/\\\/www.balboa.hr\\\/#organization\"},\"alternateName\":\"Balboa\",\"potentialAction\":[{\"@type\":\"SearchAction\",\"target\":{\"@type\":\"EntryPoint\",\"urlTemplate\":\"https:\\\/\\\/www.balboa.hr\\\/?s={search_term_string}\"},\"query-input\":{\"@type\":\"PropertyValueSpecification\",\"valueRequired\":true,\"valueName\":\"search_term_string\"}}],\"inLanguage\":\"en-US\"},{\"@type\":\"Organization\",\"@id\":\"https:\\\/\\\/www.balboa.hr\\\/#organization\",\"name\":\"Balboa Design and Production\",\"alternateName\":\"Balboa Design and Production\",\"url\":\"https:\\\/\\\/www.balboa.hr\\\/\",\"logo\":{\"@type\":\"ImageObject\",\"inLanguage\":\"en-US\",\"@id\":\"https:\\\/\\\/www.balboa.hr\\\/#\\\/schema\\\/logo\\\/image\\\/\",\"url\":\"https:\\\/\\\/www.balboa.hr\\\/wp-content\\\/uploads\\\/2026\\\/03\\\/icon-brown@2x.webp\",\"contentUrl\":\"https:\\\/\\\/www.balboa.hr\\\/wp-content\\\/uploads\\\/2026\\\/03\\\/icon-brown@2x.webp\",\"width\":620,\"height\":620,\"caption\":\"Balboa Design and Production\"},\"image\":{\"@id\":\"https:\\\/\\\/www.balboa.hr\\\/#\\\/schema\\\/logo\\\/image\\\/\"},\"sameAs\":[\"https:\\\/\\\/www.facebook.com\\\/Balboa-524400414336861\\\/\",\"https:\\\/\\\/www.linkedin.com\\\/company\\\/balboa-croatia\\\/\",\"https:\\\/\\\/www.youtube.com\\\/@balboa-croatia\"]}]}<\/script>\n<!-- \/ Yoast SEO plugin. -->","yoast_head_json":{"title":"Kola\u010di\u0107i - BALBOA","robots":{"index":"index","follow":"follow","max-snippet":"max-snippet:-1","max-image-preview":"max-image-preview:large","max-video-preview":"max-video-preview:-1"},"canonical":"https:\/\/www.balboa.hr\/en\/kolacici\/","og_locale":"en_US","og_type":"article","og_title":"Kola\u010di\u0107i - BALBOA","og_url":"https:\/\/www.balboa.hr\/en\/kolacici\/","og_site_name":"BALBOA","article_publisher":"https:\/\/www.facebook.com\/Balboa-524400414336861\/","og_image":[{"width":400,"height":400,"url":"https:\/\/www.balboa.hr\/wp-content\/uploads\/2026\/03\/icon-brown.webp","type":"image\/webp"}],"twitter_card":"summary_large_image","twitter_misc":{"Est. reading time":"6 minutes"},"schema":{"@context":"https:\/\/schema.org","@graph":[{"@type":"WebPage","@id":"https:\/\/www.balboa.hr\/hr\/kolacici\/","url":"https:\/\/www.balboa.hr\/hr\/kolacici\/","name":"Kola\u010di\u0107i - BALBOA","isPartOf":{"@id":"https:\/\/www.balboa.hr\/#website"},"datePublished":"2018-05-29T08:00:32+00:00","breadcrumb":{"@id":"https:\/\/www.balboa.hr\/hr\/kolacici\/#breadcrumb"},"inLanguage":"en-US","potentialAction":[{"@type":"ReadAction","target":["https:\/\/www.balboa.hr\/hr\/kolacici\/"]}]},{"@type":"BreadcrumbList","@id":"https:\/\/www.balboa.hr\/hr\/kolacici\/#breadcrumb","itemListElement":[{"@type":"ListItem","position":1,"name":"Home","item":"https:\/\/www.balboa.hr\/"},{"@type":"ListItem","position":2,"name":"Kola\u010di\u0107i"}]},{"@type":"WebSite","@id":"https:\/\/www.balboa.hr\/#website","url":"https:\/\/www.balboa.hr\/","name":"Balboa","description":"OPREMANJE I URE\u0110ENJE INTERIJERA","publisher":{"@id":"https:\/\/www.balboa.hr\/#organization"},"alternateName":"Balboa","potentialAction":[{"@type":"SearchAction","target":{"@type":"EntryPoint","urlTemplate":"https:\/\/www.balboa.hr\/?s={search_term_string}"},"query-input":{"@type":"PropertyValueSpecification","valueRequired":true,"valueName":"search_term_string"}}],"inLanguage":"en-US"},{"@type":"Organization","@id":"https:\/\/www.balboa.hr\/#organization","name":"Balboa Design and Production","alternateName":"Balboa Design and Production","url":"https:\/\/www.balboa.hr\/","logo":{"@type":"ImageObject","inLanguage":"en-US","@id":"https:\/\/www.balboa.hr\/#\/schema\/logo\/image\/","url":"https:\/\/www.balboa.hr\/wp-content\/uploads\/2026\/03\/icon-brown@2x.webp","contentUrl":"https:\/\/www.balboa.hr\/wp-content\/uploads\/2026\/03\/icon-brown@2x.webp","width":620,"height":620,"caption":"Balboa Design and Production"},"image":{"@id":"https:\/\/www.balboa.hr\/#\/schema\/logo\/image\/"},"sameAs":["https:\/\/www.facebook.com\/Balboa-524400414336861\/","https:\/\/www.linkedin.com\/company\/balboa-croatia\/","https:\/\/www.youtube.com\/@balboa-croatia"]}]}},"_links":{"self":[{"href":"https:\/\/www.balboa.hr\/en\/wp-json\/wp\/v2\/pages\/5007","targetHints":{"allow":["GET"]}}],"collection":[{"href":"https:\/\/www.balboa.hr\/en\/wp-json\/wp\/v2\/pages"}],"about":[{"href":"https:\/\/www.balboa.hr\/en\/wp-json\/wp\/v2\/types\/page"}],"author":[{"embeddable":true,"href":"https:\/\/www.balboa.hr\/en\/wp-json\/wp\/v2\/users\/1"}],"replies":[{"embeddable":true,"href":"https:\/\/www.balboa.hr\/en\/wp-json\/wp\/v2\/comments?post=5007"}],"version-history":[{"count":0,"href":"https:\/\/www.balboa.hr\/en\/wp-json\/wp\/v2\/pages\/5007\/revisions"}],"wp:attachment":[{"href":"https:\/\/www.balboa.hr\/en\/wp-json\/wp\/v2\/media?parent=5007"}],"curies":[{"name":"wp","href":"https:\/\/api.w.org\/{rel}","templated":true}]}}