{"id":5009,"date":"2018-05-29T08:01:06","date_gmt":"2018-05-29T08:01:06","guid":{"rendered":"http:\/\/www.balboa.hr\/?page_id=5009"},"modified":"2018-05-29T08:01:06","modified_gmt":"2018-05-29T08:01:06","slug":"uvjeti-koristenja","status":"publish","type":"page","link":"https:\/\/www.balboa.hr\/en\/uvjeti-koristenja\/","title":{"rendered":"Terms of use"},"content":{"rendered":"<div id='av_section_1'  class='avia-section av-av_section-bb9bdb22c7f9e6bf1d52c155825dc7f7 main_color avia-section-default avia-no-shadow  avia-builder-el-0  avia-builder-el-no-sibling  avia-bg-style-scroll container_wrap fullsize'  ><div class='container av-section-cont-open' ><main  role=\"main\" itemprop=\"mainContentOfPage\"  class='template-page content  av-content-full alpha units'><div class='post-entry post-entry-type-page post-entry-5009'><div class='entry-content-wrapper clearfix'>\n\n<style type=\"text\/css\" data-created_by=\"avia_inline_auto\" id=\"style-css-av-av_one_full-6126cab7d8fab8d08143dd2dacdf673c\">\n.flex_column.av-av_one_full-6126cab7d8fab8d08143dd2dacdf673c{\nborder-radius:0px 0px 0px 0px;\npadding:0px 0px 0px 0px;\n}\n<\/style>\n<div  class='flex_column av-av_one_full-6126cab7d8fab8d08143dd2dacdf673c av_one_full  avia-builder-el-1  el_before_av_one_full  avia-builder-el-first  first flex_column_div av-zero-column-padding'     ><style type=\"text\/css\" data-created_by=\"avia_inline_auto\" id=\"style-css-av-av_heading-0f3494d27010b17fada9d19bcb023977\">\n#top .av-special-heading.av-av_heading-0f3494d27010b17fada9d19bcb023977{\npadding-bottom:10px;\n}\nbody .av-special-heading.av-av_heading-0f3494d27010b17fada9d19bcb023977 .av-special-heading-tag .heading-char{\nfont-size:25px;\n}\n.av-special-heading.av-av_heading-0f3494d27010b17fada9d19bcb023977 .av-subheading{\nfont-size:15px;\n}\n<\/style>\n<div  class='av-special-heading av-av_heading-0f3494d27010b17fada9d19bcb023977 av-special-heading-h2 blockquote modern-quote modern-centered  avia-builder-el-2  avia-builder-el-no-sibling'><h2 class='av-special-heading-tag'  itemprop=\"headline\"  >Terms of use<\/h2><div class=\"special-heading-border\"><div class=\"special-heading-inner-border\"><\/div><\/div><\/div><\/div>\n<style type=\"text\/css\" data-created_by=\"avia_inline_auto\" id=\"style-css-av-av_one_full-6126cab7d8fab8d08143dd2dacdf673c\">\n.flex_column.av-av_one_full-6126cab7d8fab8d08143dd2dacdf673c{\nborder-radius:0px 0px 0px 0px;\npadding:0px 0px 0px 0px;\n}\n<\/style>\n<div  class='flex_column av-av_one_full-6126cab7d8fab8d08143dd2dacdf673c av_one_full  avia-builder-el-3  el_after_av_one_full  avia-builder-el-last  first flex_column_div av-zero-column-padding  column-top-margin'     ><section  class='av_textblock_section av-av_textblock-0366cc7376be6c9e82a3e9cc8987b64f'   itemscope=\"itemscope\" itemtype=\"https:\/\/schema.org\/CreativeWork\" ><div class='avia_textblock'  itemprop=\"text\" ><p>Uvjeti kori\u0161tenja primjenjuju se na sve sadr\u017eaje i usluge s ove web stranice. Kori\u0161tenjem bilo kojeg dijela ove web stranice te svih njezinih dijelova smatra se da su korisnici upoznati s ovim uvjetima i svim rizicima koji nastaju iz kori\u0161tenja ove web stranice te prihva\u0107aju koristiti sadr\u017eaj ove web stranice isklju\u010divo za osobnu uporabu i na vlastitu odgovornost.<\/p>\n<p>Dokumenti, podaci i informacije objavljeni na ovoj web stranici ne smiju se reproducirati, distribuirati ili na bilo koji na\u010din koristiti u komercijalne svrhe bez izri\u010ditog pristanka imatelja prava ove web stranice ili na bilo koji na\u010din koji mo\u017ee uzrokovati \u0161tetu ovoj ili bilo kojoj tre\u0107oj strani.<\/p>\n<p>Zabranjeno je javno prikazivanje, objavljivanje, preno\u0161enje, mijenjanje, reproduciranje, sudjelovanje u prijenosu ili prodaji, distribucija, izrada kopija, otpremanje te svaka druga vrsta uporabe sadr\u017eaja ovih stranica ili jednog njihova dijela te odabir i uskla\u0111ivanje njihova sadr\u017eaja, bez izri\u010ditog prethodnog pismenog dopu\u0161tenja imatelja prava ove web stranice i drugih vlasnika autorskih prava.<\/p>\n<p>Neovla\u0161teno kori\u0161tenje bilo kojeg dijela web stranice, bez dozvole vlasnika autorskih prava, smatra se kr\u0161enjem autorskih prava imatelja prava ove web stranice i podlo\u017eno je tu\u017ebi.<\/p>\n<p>Nastojimo osigurati vjerodostojnost i a\u017eurnost podataka sadr\u017eanih na ovoj web stranici, ali ne preuzimamo ikakvu odgovornost za eventualne pogre\u0161ke i propuste u svezi kori\u0161tenja podataka i sadr\u017eaja ove web stranice kao niti eventualno nastalu \u0161tetu uslijed prethodno navedenih pogre\u0161aka i propusta.<\/p>\n<p>Komentari koje ostavljaju korisnici na web stranici ili na na\u0161oj Facebook stranici u potpunosti pripadaju samim korisnicima. Vlasnici web stranice i Facebook stranice nemaju nikakvu odgovornost prema tre\u0107im osobama ukoliko do\u0111e do neke povrede tre\u0107e osobe putem objavljenih komentara korisnika.\u00a0 Stavovi koji su objavljeni u nekim tekstovima korisnika web stranica nisu nu\u017eno stavovi vlasnika web stranice kao ni autora ili administratora web stranice. Komentirati mogu svi posjetitelji web stranice koja je spojena s na\u0161im Facebook profilom, a autor komentara snosi svu odgovornost za ono \u0161to je komentirao.<\/p>\n<p>Kori\u0161tenjem sadr\u017eaja ove web stranice korisnik prihva\u0107a sve rizike koji nastaju iz kori\u0161tenja ove web stranice te prihva\u0107a koristiti sadr\u017eaj ove web stranice isklju\u010divo za osobnu uporabu i na vlastitu odgovornost. Nastojat \u0107emo ovu web stranicu za\u0161titi od virusa i drugih malicioznih i \u0161tetnih softvera, ali ne jam\u010dimo njihovu potpunu odsutnost. S tim u svezi, upu\u0107ujemo korisnike ove web stranice na poduzimanje potrebnih mjera za\u0161tite kao \u0161to su npr. uporaba vlastitih antivirusnih programa.<\/p>\n<p>Kori\u0161tenje web stranice uklju\u010duje i davanje osobnih podataka korisnika, kao i prikupljanje podataka, kao \u0161to je va\u0161a IP adresa, postavke jezika, vrstu preglednika, oznaku datuma i vremena, pru\u017eatelja internet usluga, operativni sustav. Ti podaci prikupljaju se u svrhu pobolj\u0161anja web stranice, zbog pru\u017eanja kvalitetnijih informacija o samom sadr\u017eaju na stranici, njenim uslugama i proizvodima. Prikupljene informacije spremaju se na log datoteke na va\u0161em ra\u010dunalu.<\/p>\n<p>Sve informacije koje se prikupe prilikom va\u0161e posjete web stranicama koriste se isklju\u010divo za analizu trendova, vo\u0111enje stranice, prikupljanje demografskih podataka, te pra\u0107enje pona\u0161anja posjetitelja na na\u0161im stranicama u svrhu pobolj\u0161anja usluga, proizvoda i sadr\u017eaja stranice. Kori\u0161tenjem web stranice, njezinog sadr\u017eaja, usluga i proizvoda dajete vlastiti pristanak na prikupljanje gore navedenih podataka te se sla\u017eete s ovim Uvjetima kori\u0161tenja.<\/p>\n<p>Na odre\u0111enim mjestima unutar\u00a0ove web stranice (\u201ekontakt\u201c, \u201eupit\u201c, \u201eupitnik\u201c ili sli\u010dno) prikupljamo va\u0161e osobne podatke (ime, prezime, adresu, telefonski broj, e-mail adresu, \u2026) koje nam dobrovoljno dajete tako \u0161to ispunite predmetni upitnik na ovoj web stranici. Navedeni podaci \u0107e se koristiti u svrhu kontakata, odgovaranja na va\u0161e upite, pru\u017eanje informacija na va\u0161 zahtjev i evidencije korisnika ove web stranice, a nu\u017eni su da bismo vam odgovorili na va\u0161 upit i pru\u017eili uslugu. Vi\u0161e o privatnosti pro\u010ditajte u Politici privatnosti.<\/p>\n<p>Ova web stranica koristi servis tre\u0107e strane Google Analytics koji se koristi za pra\u0107enje posjetitelja na na\u0161oj web stranici. Pomo\u0107u tog servisa analizira se kori\u0161tenje web stranice, te se prikupljaju podaci o posje\u0107enosti, upotrebi odre\u0111enih stranica, aplikacija, te se na temelju prikupljenih podataka rade izvje\u0161\u0107a kako bi se pobolj\u0161ao rad same web stranice i kako bi se korisnicima omogu\u0107io lak\u0161e kori\u0161tenje na\u0161e web stranice.<\/p>\n<p>Kori\u0161tenjem sadr\u017eaja ove web stranice korisnik prihva\u0107a da ova web stranica mo\u017ee koristiti Google Analytics, uslugu analize Interneta koju pru\u017ea Google Inc. (\u201eGoogle\u201c). Google Analytics koristi tzv. kola\u010di\u0107e (\u201ecookies\u201c), tekstualne datoteke koje su pohranjene na va\u0161em ra\u010dunalu i koje omogu\u0107avaju analizu va\u0161eg kori\u0161tenja ove web stranice. Servis Google-a, Google Analytics skra\u0107uje va\u0161u IP adresu u dr\u017eavama \u010dlanicama Europske unije, te se ta IP adresa koristi isklju\u010divo u pra\u0107enju posje\u0107enosti i navika na na\u0161oj web stranici. Informacije koje stvaraju kola\u010di\u0107i o tome kako koristite ovu stranicu (uklju\u010duju\u0107i va\u0161u IP-adresu) \u0161alju se na Google-ov poslu\u017eitelj u SAD-u i tamo pohranjuju. Google mo\u017ee koristiti ove informacije za evaluaciju va\u0161eg kori\u0161tenja Internetske stranice, stvaranje izvje\u0161taja o aktivnosti na stranici za operatera stranice i za pru\u017eanje drugih usluga povezanih s kori\u0161tenjem stranice te Interneta. Google tako\u0111er mo\u017ee prenijeti te informacije tre\u0107im stranama, ako je to zakonski potrebno ili ako te tre\u0107e strane obra\u0111uju podatke prema ugovoru s dru\u0161tvom Google.<\/p>\n<p>Ni pod kojim okolnostima Google ne\u0107e povezati va\u0161u IP-adresu s drugim Google-ovim podacima. Mo\u017eete sprije\u010diti instalaciju kola\u010di\u0107a tako da podesite postavke softvera va\u0161eg preglednika; me\u0111utim, moramo vas obavijestiti da, ako to napravite, ne\u0107ete biti u mogu\u0107nosti u potpunosti koristiti sve funkcije ove internetske stranice. Kori\u0161tenjem ove internetske stranice izjavljujete da se sla\u017eete s obradom podataka koje Google prikupi o vama, na gore opisan na\u010din i u gore navedene svrhe. Ukoliko \u017eelite onemogu\u0107iti spremanje kola\u010di\u0107a od strane ovog servisa, zabranite ih na slijede\u0107em linku: Google Analytics \u2013\u00a0<a href=\"https:\/\/tools.google.com\/dlpage\/gaoptout\"><em>https:\/\/tools.google.com\/dlpage\/gaoptout<\/em><\/a><\/p>\n<p>Zadr\u017eavamo pravo izmjene ovih Uvjeta kori\u0161tenja u bilo kojem trenutku i ne odgovaramo za mogu\u0107e posljedice proiza\u0161le iz takvih promjena.<\/p>\n<\/div><\/section><\/div>","protected":false},"excerpt":{"rendered":"","protected":false},"author":1,"featured_media":0,"parent":0,"menu_order":0,"comment_status":"closed","ping_status":"closed","template":"","meta":{"inline_featured_image":false,"footnotes":""},"class_list":["post-5009","page","type-page","status-publish","hentry"],"yoast_head":"<!-- This site is optimized with the Yoast SEO plugin v27.4 - https:\/\/yoast.com\/product\/yoast-seo-wordpress\/ -->\n<title>Uvjeti kori\u0161tenja - BALBOA<\/title>\n<meta name=\"robots\" content=\"index, follow, max-snippet:-1, max-image-preview:large, max-video-preview:-1\" \/>\n<link rel=\"canonical\" href=\"https:\/\/www.balboa.hr\/en\/uvjeti-koristenja\/\" \/>\n<meta property=\"og:locale\" content=\"en_US\" \/>\n<meta property=\"og:type\" content=\"article\" \/>\n<meta property=\"og:title\" content=\"Uvjeti kori\u0161tenja - BALBOA\" \/>\n<meta property=\"og:url\" content=\"https:\/\/www.balboa.hr\/en\/uvjeti-koristenja\/\" \/>\n<meta property=\"og:site_name\" content=\"BALBOA\" \/>\n<meta property=\"article:publisher\" content=\"https:\/\/www.facebook.com\/Balboa-524400414336861\/\" \/>\n<meta property=\"og:image\" content=\"https:\/\/www.balboa.hr\/wp-content\/uploads\/2026\/03\/icon-brown.webp\" \/>\n\t<meta property=\"og:image:width\" content=\"400\" \/>\n\t<meta property=\"og:image:height\" content=\"400\" \/>\n\t<meta property=\"og:image:type\" content=\"image\/webp\" \/>\n<meta name=\"twitter:card\" content=\"summary_large_image\" \/>\n<meta name=\"twitter:label1\" content=\"Est. reading time\" \/>\n\t<meta name=\"twitter:data1\" content=\"6 minutes\" \/>\n<script type=\"application\/ld+json\" class=\"yoast-schema-graph\">{\"@context\":\"https:\\\/\\\/schema.org\",\"@graph\":[{\"@type\":\"WebPage\",\"@id\":\"https:\\\/\\\/www.balboa.hr\\\/hr\\\/uvjeti-koristenja\\\/\",\"url\":\"https:\\\/\\\/www.balboa.hr\\\/hr\\\/uvjeti-koristenja\\\/\",\"name\":\"Uvjeti kori\u0161tenja - BALBOA\",\"isPartOf\":{\"@id\":\"https:\\\/\\\/www.balboa.hr\\\/#website\"},\"datePublished\":\"2018-05-29T08:01:06+00:00\",\"breadcrumb\":{\"@id\":\"https:\\\/\\\/www.balboa.hr\\\/hr\\\/uvjeti-koristenja\\\/#breadcrumb\"},\"inLanguage\":\"en-US\",\"potentialAction\":[{\"@type\":\"ReadAction\",\"target\":[\"https:\\\/\\\/www.balboa.hr\\\/hr\\\/uvjeti-koristenja\\\/\"]}]},{\"@type\":\"BreadcrumbList\",\"@id\":\"https:\\\/\\\/www.balboa.hr\\\/hr\\\/uvjeti-koristenja\\\/#breadcrumb\",\"itemListElement\":[{\"@type\":\"ListItem\",\"position\":1,\"name\":\"Home\",\"item\":\"https:\\\/\\\/www.balboa.hr\\\/\"},{\"@type\":\"ListItem\",\"position\":2,\"name\":\"Uvjeti kori\u0161tenja\"}]},{\"@type\":\"WebSite\",\"@id\":\"https:\\\/\\\/www.balboa.hr\\\/#website\",\"url\":\"https:\\\/\\\/www.balboa.hr\\\/\",\"name\":\"Balboa\",\"description\":\"OPREMANJE I URE\u0110ENJE INTERIJERA\",\"publisher\":{\"@id\":\"https:\\\/\\\/www.balboa.hr\\\/#organization\"},\"alternateName\":\"Balboa\",\"potentialAction\":[{\"@type\":\"SearchAction\",\"target\":{\"@type\":\"EntryPoint\",\"urlTemplate\":\"https:\\\/\\\/www.balboa.hr\\\/?s={search_term_string}\"},\"query-input\":{\"@type\":\"PropertyValueSpecification\",\"valueRequired\":true,\"valueName\":\"search_term_string\"}}],\"inLanguage\":\"en-US\"},{\"@type\":\"Organization\",\"@id\":\"https:\\\/\\\/www.balboa.hr\\\/#organization\",\"name\":\"Balboa Design and Production\",\"alternateName\":\"Balboa Design and Production\",\"url\":\"https:\\\/\\\/www.balboa.hr\\\/\",\"logo\":{\"@type\":\"ImageObject\",\"inLanguage\":\"en-US\",\"@id\":\"https:\\\/\\\/www.balboa.hr\\\/#\\\/schema\\\/logo\\\/image\\\/\",\"url\":\"https:\\\/\\\/www.balboa.hr\\\/wp-content\\\/uploads\\\/2026\\\/03\\\/icon-brown@2x.webp\",\"contentUrl\":\"https:\\\/\\\/www.balboa.hr\\\/wp-content\\\/uploads\\\/2026\\\/03\\\/icon-brown@2x.webp\",\"width\":620,\"height\":620,\"caption\":\"Balboa Design and Production\"},\"image\":{\"@id\":\"https:\\\/\\\/www.balboa.hr\\\/#\\\/schema\\\/logo\\\/image\\\/\"},\"sameAs\":[\"https:\\\/\\\/www.facebook.com\\\/Balboa-524400414336861\\\/\",\"https:\\\/\\\/www.linkedin.com\\\/company\\\/balboa-croatia\\\/\",\"https:\\\/\\\/www.youtube.com\\\/@balboa-croatia\"]}]}<\/script>\n<!-- \/ Yoast SEO plugin. -->","yoast_head_json":{"title":"Uvjeti kori\u0161tenja - BALBOA","robots":{"index":"index","follow":"follow","max-snippet":"max-snippet:-1","max-image-preview":"max-image-preview:large","max-video-preview":"max-video-preview:-1"},"canonical":"https:\/\/www.balboa.hr\/en\/uvjeti-koristenja\/","og_locale":"en_US","og_type":"article","og_title":"Uvjeti kori\u0161tenja - BALBOA","og_url":"https:\/\/www.balboa.hr\/en\/uvjeti-koristenja\/","og_site_name":"BALBOA","article_publisher":"https:\/\/www.facebook.com\/Balboa-524400414336861\/","og_image":[{"width":400,"height":400,"url":"https:\/\/www.balboa.hr\/wp-content\/uploads\/2026\/03\/icon-brown.webp","type":"image\/webp"}],"twitter_card":"summary_large_image","twitter_misc":{"Est. reading time":"6 minutes"},"schema":{"@context":"https:\/\/schema.org","@graph":[{"@type":"WebPage","@id":"https:\/\/www.balboa.hr\/hr\/uvjeti-koristenja\/","url":"https:\/\/www.balboa.hr\/hr\/uvjeti-koristenja\/","name":"Uvjeti kori\u0161tenja - BALBOA","isPartOf":{"@id":"https:\/\/www.balboa.hr\/#website"},"datePublished":"2018-05-29T08:01:06+00:00","breadcrumb":{"@id":"https:\/\/www.balboa.hr\/hr\/uvjeti-koristenja\/#breadcrumb"},"inLanguage":"en-US","potentialAction":[{"@type":"ReadAction","target":["https:\/\/www.balboa.hr\/hr\/uvjeti-koristenja\/"]}]},{"@type":"BreadcrumbList","@id":"https:\/\/www.balboa.hr\/hr\/uvjeti-koristenja\/#breadcrumb","itemListElement":[{"@type":"ListItem","position":1,"name":"Home","item":"https:\/\/www.balboa.hr\/"},{"@type":"ListItem","position":2,"name":"Uvjeti kori\u0161tenja"}]},{"@type":"WebSite","@id":"https:\/\/www.balboa.hr\/#website","url":"https:\/\/www.balboa.hr\/","name":"Balboa","description":"OPREMANJE I URE\u0110ENJE INTERIJERA","publisher":{"@id":"https:\/\/www.balboa.hr\/#organization"},"alternateName":"Balboa","potentialAction":[{"@type":"SearchAction","target":{"@type":"EntryPoint","urlTemplate":"https:\/\/www.balboa.hr\/?s={search_term_string}"},"query-input":{"@type":"PropertyValueSpecification","valueRequired":true,"valueName":"search_term_string"}}],"inLanguage":"en-US"},{"@type":"Organization","@id":"https:\/\/www.balboa.hr\/#organization","name":"Balboa Design and Production","alternateName":"Balboa Design and Production","url":"https:\/\/www.balboa.hr\/","logo":{"@type":"ImageObject","inLanguage":"en-US","@id":"https:\/\/www.balboa.hr\/#\/schema\/logo\/image\/","url":"https:\/\/www.balboa.hr\/wp-content\/uploads\/2026\/03\/icon-brown@2x.webp","contentUrl":"https:\/\/www.balboa.hr\/wp-content\/uploads\/2026\/03\/icon-brown@2x.webp","width":620,"height":620,"caption":"Balboa Design and Production"},"image":{"@id":"https:\/\/www.balboa.hr\/#\/schema\/logo\/image\/"},"sameAs":["https:\/\/www.facebook.com\/Balboa-524400414336861\/","https:\/\/www.linkedin.com\/company\/balboa-croatia\/","https:\/\/www.youtube.com\/@balboa-croatia"]}]}},"_links":{"self":[{"href":"https:\/\/www.balboa.hr\/en\/wp-json\/wp\/v2\/pages\/5009","targetHints":{"allow":["GET"]}}],"collection":[{"href":"https:\/\/www.balboa.hr\/en\/wp-json\/wp\/v2\/pages"}],"about":[{"href":"https:\/\/www.balboa.hr\/en\/wp-json\/wp\/v2\/types\/page"}],"author":[{"embeddable":true,"href":"https:\/\/www.balboa.hr\/en\/wp-json\/wp\/v2\/users\/1"}],"replies":[{"embeddable":true,"href":"https:\/\/www.balboa.hr\/en\/wp-json\/wp\/v2\/comments?post=5009"}],"version-history":[{"count":0,"href":"https:\/\/www.balboa.hr\/en\/wp-json\/wp\/v2\/pages\/5009\/revisions"}],"wp:attachment":[{"href":"https:\/\/www.balboa.hr\/en\/wp-json\/wp\/v2\/media?parent=5009"}],"curies":[{"name":"wp","href":"https:\/\/api.w.org\/{rel}","templated":true}]}}