{"id":5011,"date":"2018-05-29T08:02:06","date_gmt":"2018-05-29T08:02:06","guid":{"rendered":"http:\/\/www.balboa.hr\/?page_id=5011"},"modified":"2018-05-29T08:02:06","modified_gmt":"2018-05-29T08:02:06","slug":"politika-privatnosti","status":"publish","type":"page","link":"https:\/\/www.balboa.hr\/en\/politika-privatnosti\/","title":{"rendered":"Privacy Policy"},"content":{"rendered":"<div id='av_section_1'  class='avia-section av-av_section-bb9bdb22c7f9e6bf1d52c155825dc7f7 main_color avia-section-default avia-no-shadow  avia-builder-el-0  avia-builder-el-no-sibling  avia-bg-style-scroll container_wrap fullsize'  ><div class='container av-section-cont-open' ><main  role=\"main\" itemprop=\"mainContentOfPage\"  class='template-page content  av-content-full alpha units'><div class='post-entry post-entry-type-page post-entry-5011'><div class='entry-content-wrapper clearfix'>\n\n<style type=\"text\/css\" data-created_by=\"avia_inline_auto\" id=\"style-css-av-av_one_full-6126cab7d8fab8d08143dd2dacdf673c\">\n.flex_column.av-av_one_full-6126cab7d8fab8d08143dd2dacdf673c{\nborder-radius:0px 0px 0px 0px;\npadding:0px 0px 0px 0px;\n}\n<\/style>\n<div  class='flex_column av-av_one_full-6126cab7d8fab8d08143dd2dacdf673c av_one_full  avia-builder-el-1  el_before_av_one_full  avia-builder-el-first  first flex_column_div av-zero-column-padding'     ><style type=\"text\/css\" data-created_by=\"avia_inline_auto\" id=\"style-css-av-av_heading-994977f322ed605918fba0f5b76b9c01\">\n#top .av-special-heading.av-av_heading-994977f322ed605918fba0f5b76b9c01{\npadding-bottom:10px;\n}\nbody .av-special-heading.av-av_heading-994977f322ed605918fba0f5b76b9c01 .av-special-heading-tag .heading-char{\nfont-size:25px;\n}\n.av-special-heading.av-av_heading-994977f322ed605918fba0f5b76b9c01 .av-subheading{\nfont-size:15px;\n}\n<\/style>\n<div  class='av-special-heading av-av_heading-994977f322ed605918fba0f5b76b9c01 av-special-heading-h2 blockquote modern-quote modern-centered  avia-builder-el-2  avia-builder-el-no-sibling'><h2 class='av-special-heading-tag'  itemprop=\"headline\"  >Privacy Policy<\/h2><div class=\"special-heading-border\"><div class=\"special-heading-inner-border\"><\/div><\/div><\/div><\/div>\n<style type=\"text\/css\" data-created_by=\"avia_inline_auto\" id=\"style-css-av-av_one_full-6126cab7d8fab8d08143dd2dacdf673c\">\n.flex_column.av-av_one_full-6126cab7d8fab8d08143dd2dacdf673c{\nborder-radius:0px 0px 0px 0px;\npadding:0px 0px 0px 0px;\n}\n<\/style>\n<div  class='flex_column av-av_one_full-6126cab7d8fab8d08143dd2dacdf673c av_one_full  avia-builder-el-3  el_after_av_one_full  avia-builder-el-last  first flex_column_div av-zero-column-padding  column-top-margin'     ><section  class='av_textblock_section av-av_textblock-0366cc7376be6c9e82a3e9cc8987b64f'   itemscope=\"itemscope\" itemtype=\"https:\/\/schema.org\/CreativeWork\" ><div class='avia_textblock'  itemprop=\"text\" ><p>Ovom Politikom privatnosti\u00a0<strong>Balboa d.o.o.\u00a0<\/strong>(dalje u tekstu: Dru\u0161tvo) vam u skladu s Op\u0107om uredbom o za\u0161titi osobnih podataka daje osnovne informacije o obradi va\u0161ih osobnih podataka. Stoga vas molimo da pa\u017eljivo pro\u010ditate tekst u nastavku te da nam se, u slu\u010daju nejasno\u0107a ili potrebe za dodatnim informacijama u svezi s obradom osobnih podataka, javite.<\/p>\n<h3><strong>Povjerenik za za\u0161titu osobnih podataka<\/strong><\/h3>\n<p>Dru\u0161tvo je imenovalo povjerenika za za\u0161titu osobnih podatka kojega mo\u017eete kontaktirati u pogledu svih pitanja povezanih s obradom va\u0161ih osobnih podataka i ostvarivanjem prava za\u0161tite osobnih podataka.<\/p>\n<p>Kontakt:<\/p>\n<p>Tel: +385 1 3498 531<br \/>\nFax: +385 1 2078 660<br \/>\nE-mail: info@balboa.hr<\/p>\n<h3><strong>Svrha prikupljanja osobnih podatka i pravna osnova obrade<\/strong><\/h3>\n<p>Svrhu i na\u010dine obrade osobnih podataka mo\u017ee odrediti Dru\u0161tvo ili koji od partnera Dru\u0161tva s kojim Dru\u0161tvo ima sklopljen ugovor u svezi s obradom osobnih podataka ili to mogu u\u010diniti zajedni\u010dki.<\/p>\n<p>Kada Dru\u0161tvo samo odredi svrhu i sredstva obrade osobnih podataka ono je voditelj obrade osobnih podataka.<\/p>\n<p>Kada Dru\u0161tvo kao voditelj obrade osobnih podataka zajedno s jednim ili vi\u0161e partnera kao voditelj-em\/ima obrade podataka odredi svrhu i sredstva obrade osobnih podataka, oni su zajedni\u010dki voditelji obrade osobnih podataka.<\/p>\n<p>Kada Dru\u0161tvo obra\u0111uje podatke u ime voditelja obrade, tada je Dru\u0161tvo izvr\u0161itelj obrade osobnih podataka i obra\u0111uje podatke u skladu sa zahtjevima voditelja obrade. U tom slu\u010daju voditelj obrade odre\u0111uje koje osobne podatke i u kojem obujmu Dru\u0161tvo kao izvr\u0161itelj obrade treba prikupiti od ispitanika. O tome \u0107ete biti obavije\u0161teni u trenutku prikupljanja osobnih podataka.<\/p>\n<p>Osnovna svrha prikupljanja osobnih podataka je prezentiranje i nu\u0111enje te provo\u0111enje drugih pripremnih radnji vezanih uz ugovor o kreditu ili poduzimanje radnji na va\u0161 zahtjev prije sklapanja ugovora ili zakonske obveze Dru\u0161tva (osobito obveze koje se odnose na sprje\u010davanje pranja novca i financiranja terorizma). Pritom opseg osobnih podataka koje prikupljamo ovisi o vrsti ugovora o kreditu koji namjeravate sklopiti ili sklapate ili va\u0161em zahtjevu ili zakonom propisanim obvezama Dru\u0161tva. Pru\u017eanje va\u0161ih osobnih podataka je potrebno za uspostavljanje poslovnog odnosa te sklapanje i ispunjenje ugovora o kreditu, a ukoliko ne pru\u017eite podatke koji su nu\u017eni za odre\u0111enu vrstu ugovora o kreditu ne\u0107emo biti u mogu\u0107nosti posredovati u tom smislu. Pru\u017eanje podataka o va\u0161em \u010dlanstvu u sindikatu nije uvjet za sklapanje ugovora, ve\u0107 je podloga za ostvarenje odre\u0111enih pogodnosti koje mo\u017eete ostvariti prilikom sklapanja ugovora o kreditu, a podatke o Va\u0161em \u010dlanstvu u sindikatu prikupljamo isklju\u010divo na temelju privole koju mo\u017eete izraziti va\u0161om izjavom ili radnjom (kao \u0161to je pru\u017eanje dokaza o \u010dlanstvu u sindikatu).<\/p>\n<p>Radnje na va\u0161 zahtjev prije sklapanja ugovora podrazumijevaju provjeru va\u0161ih zahtjeva i potreba, a sve s ciljem pru\u017eanja usluge.<\/p>\n<p>U slu\u010daju da zatrebamo odre\u0111ene osobne podatke\u00a0koji su nam neophodni za pru\u017eanje zatra\u017eene usluge, o istome \u0107emo vas pravovremeno i na odgovaraju\u0107i na\u010din obavijestiti.<\/p>\n<p>Prilikom samog pregledavanja internetskih stranica\u00a0 Dru\u0161tva, Dru\u0161tvo ne prikuplja va\u0161e osobne podatke kao npr. ime i prezime, adresa, telefonski broj, e-mail adresa i sli\u010dno. Prilikom posjete internetskim stranicama Dru\u0161tva va\u0161i osobni podaci ostaju tajni, osim ukoliko ih ne \u017eelite dobrovoljno otkriti.<\/p>\n<p>Na odre\u0111enim mjestima unutar\u00a0internetskih stranica Dru\u0161tva (\u201ekontakt\u201c, \u201eupit\u201c, \u201eupitnik\u201c ili sli\u010dno) prikupljamo va\u0161e osobne podatke (ime, prezime, adresu, telefonski broj, e-mail adresu, \u2026) koje nam dajete tako \u0161to ispunite predmetni upitnik na internetskoj stranici. Navedeni podaci \u0107e se koristiti u svrhu kontakata, odgovaranja na va\u0161e upite, pru\u017eanje informacija na va\u0161 zahtjev i evidencije korisnika internetske stranice, a nu\u017eni su da bismo vam odgovorili na va\u0161 upit i pru\u017eili uslugu. U tom slu\u010daju, kada upisujete svoje osobne podatke u za to predvi\u0111eno mjesto na internetskim stranicama Dru\u0161tva, potvr\u0111ujete i dajete svoj pristanak da se s va\u0161e strane dani osobni podaci dobrovoljno stavljaju na raspolaganje Dru\u0161tvu te da dozvoljavate da se isti koriste za svrhu kako je to navedeno.<\/p>\n<p>Va\u0161e osobne podatke Dru\u0161tvo \u0107e obra\u0111ivati i radi izvr\u0161avanja zakonskih obveza Dru\u0161tva, kao \u0161to su primjerice (ali ne isklju\u010divo) obveze propisane Zakonom o sprje\u010davanju pranja novca i financiranja terorizma te me\u0111unarodnih poreznih propisa (FATCA, CRS i sli\u010dno) odnosno onih propisnih Zakonom o potro\u0161a\u010dkom kreditiranju i Zakonom o stambenom potro\u0161a\u010dkom kreditiranju i propisima donesenim na temelju tih zakona. Ako nam ne \u017eelite dati te podatke, ne\u0107emo vam mo\u0107i pru\u017eiti uslugu.<\/p>\n<p>Pravnu osnovu za prethodno navedenu obradu podataka \u010dini \u010dlanak 6. stavak 1. to\u010dke (b) i (c) Op\u0107e uredbe o za\u0161titi osobnih podataka (obrada je nu\u017ena za izvr\u0161avanje ugovora u kojem je ispitanik stranka ili kako bi se poduzele radnje na zahtjev ispitanika prije sklapanja ugovora, obrada je nu\u017ena radi po\u0161tovanja pravnih obveza voditelja obrade).<\/p>\n<p>Dru\u0161tvo ima legitimni interes obavljati obradu osobnih podataka koja je nu\u017ena u svrhe sprje\u010davanja prijevara, a pravnu osnovu za to \u010dini \u010dlanak 6. stavak 1. to\u010dka (f) Op\u0107e uredbe o za\u0161titi osobnih podataka (obrada je nu\u017ena za potrebe legitimnih interesa voditelja obrade ili tre\u0107e strane, osim kada su od tih interesa ja\u010di interesi ili temeljna prava i slobode ispitanika koji zahtijevaju za\u0161titu osobnih podataka, osobito ako je ispitanik dijete).<\/p>\n<p>Ako za obradu va\u0161ih osobnih podataka ne postoji nijedna od prethodno navedenih svrha i osnova, va\u0161e osobne podatke obra\u0111ivat \u0107emo samo ako ste za to dali dobrovoljnu privolu. Pravnu osnovu za to \u010dini \u010dlanak 6. stavak 1. to\u010dka (a) Op\u0107e uredbe o za\u0161titi osobnih podataka (ispitanik je dao privolu za obradu svojih osobnih podataka u jednu ili vi\u0161e posebnih svrha).<\/p>\n<h3><strong>Primatelji ili kategorije primatelja osobnih podataka<\/strong><\/h3>\n<p>Va\u0161e osobne podatke koje obra\u0111ujemo u svojstvu izvr\u0161itelja obrade osobnih podataka dat \u0107emo voditelju obrade osobnih podataka (kreditnoj instituciji), u skladu sa svrhom obrade osobnih podataka koju je odredio voditelj obrade osobnih podataka i pravilima voditelja obrade osobnih podataka. To uklju\u010duje i osobne podatke koje prikupljamo radi izvr\u0161avanja zakonskih obveza propisanih Zakonom o sprje\u010davanju pranja novca i financiranja terorizma te me\u0111unarodnih poreznih propisa (FATCA, CRS i sli\u010dno).<\/p>\n<p>Va\u0161i osobni podaci mogu biti otkriveni drugim primateljima kako bismo ispunili svoje zakonske obveze, odnosno na zahtjev dr\u017eavnog tijela (kao \u0161to su Agencija za za\u0161titu osobnih podataka, Ured za sprje\u010davanje pranja novca i financiranja terorizma, Financijski inspektorat, Ministarstvo financija, Porezna uprava, DORH i sl.). Tako\u0111er, va\u0161i osobni podaci mogu biti otkriveni sudovima, javnim bilje\u017enicima, odvjetnicima, revizorima, sudskim vje\u0161tacima i drugim osobama, ako je to nu\u017eno za postavljanje, ostvarivanje ili obranu pravnih zahtjeva, neovisno je li to u sudskom ili upravnom postupku ili bilo kojem izvansudskom postupku.<\/p>\n<h3><strong>Marketing<\/strong><\/h3>\n<p>Uz va\u0161u privolu, obra\u0111ujemo va\u0161e osobne podatke za potrebe marketinga u smislu obavje\u0161tavanja o ponudama, proizvodima i uslugama Dru\u0161tva i njegovih partnera. Podaci koje u tu svrhu obra\u0111ujemo su: ime i prezime, puna adresa (ulica, ku\u0107ni broj, stubi\u0161te, stan, po\u0161tanski broj, grad, dr\u017eava), broj telefona, adresa e-po\u0161te i broj mobilnog telefona (ukoliko je primjenjivo), datum ro\u0111enja. Privola se odnosi i na to da va\u0161e osobne podatke obra\u0111uje jedan ili vi\u0161e partnera Dru\u0161tva te da vam se partner Dru\u0161tva izravno obrati.<\/p>\n<p>Ukoliko ste dali privolu za obradu va\u0161ih osobnih podataka u svrhu ogla\u0161avanja i istra\u017eivanja tr\u017ei\u0161ta, svoju privolu mo\u017eete opozvati u svakom trenutku tako da o tome pisanim putem obavijestite Dru\u0161tvo: elektroni\u010dkom po\u0161tom ili po\u0161tom na adresu Dru\u0161tva. Djelomi\u010dan opoziv privole nije mogu\u0107. Opoziv privole ne utje\u010de na zakonitost obrade osobnih podataka koja je, na temelju privole, provedena do trenutka opoziva privole.<\/p>\n<p>Ukoliko niste dali svoju privolu ili ste je opozvali, va\u0161e osobne podatke ne\u0107emo koristiti u marketin\u0161ke svrhe.<\/p>\n<p>Pravnu osnovu za to \u010dini \u010dlanak 6. stavak 1. to\u010dka (a) Op\u0107e uredbe o za\u0161titi osobnih podataka (ispitanik je dao privolu za obradu svojih osobnih podataka u jednu ili vi\u0161e posebnih svrha).<\/p>\n<h3><strong>Informacije o namjeri prijenosa osobnih podataka primatelju u tre\u0107oj zemlji ili me\u0111unarodnoj organizaciji te postoji li odluka o primjerenosti<\/strong><\/h3>\n<p>Dru\u0161tvo ne namjerava prenositi va\u0161e osobne podatke primatelju u tre\u0107oj zemlji ili me\u0111unarodnoj organizaciji, osim ako za takvo \u0161to postoji zakonska obveza.<\/p>\n<h3><strong>Razdoblje pohrane osobnih podataka i kriteriji za utvr\u0111ivanje tog razdoblja<\/strong><\/h3>\n<p>Va\u0161e osobne podatke \u0107emo pohranjivati onoliko dugo koliko je potrebno za ispunjenje svrhe radi koje ih obra\u0111ujemo, a kriterij za odre\u0111ivanje tog vremena upravo je svrha njihova prikupljanja, zastara potra\u017eivanja propisana zakonom ili to\u010dno odre\u0111ena odredba drugog zakona koji nas obvezuje na to\u010dno odre\u0111eno vrijeme \u010duvanja va\u0161ih osobnih podataka.<\/p>\n<h3><strong>Va\u0161a prava u odnosu na osobne podatke<\/strong><\/h3>\n<p>Kako bismo osigurali po\u0161tenu i transparentnu obradu va\u0161ih osobnih podataka, upu\u0107ujemo vas na va\u0161a prava:<\/p>\n<ul>\n<li><strong>pravo na pristup\u00a0<\/strong>\u2013 imate pravo u svakom trenutku kontaktirati nas i dobiti informaciju obra\u0111uju li se va\u0161i osobni podaci i u kojem obujmu te, ako se ti podaci obra\u0111uju, zatra\u017eiti pristup osobnim podacima i informacijama na koje imate pravo u svezi za\u0161tite osobnih podataka. Dru\u0161tvo vam osigurava kopiju osobnih podataka koji se obra\u0111uju, a za sve dodatne kopije koje zatra\u017eite, mo\u017eemo vam naplatiti razumnu naknadu na temelju administrativnih tro\u0161kova, ako zahtjev podnesete elektroni\u010dkim putem, osim ako ne zatra\u017eite druga\u010dije, informacije vam pru\u017eamo u uobi\u010dajenom elektroni\u010dkom obliku;<\/li>\n<li><strong>pravo na ispravak<\/strong>\u00a0\u2013 ako obra\u0111ujemo va\u0161e osobne podatke koji su neto\u010dni, u bilo kojem trenutku mo\u017eete od nas tra\u017eiti da ih ispravimo, a ukoliko su oni nepotpuni, imate ih pravo dopuniti;<\/li>\n<li><strong>pravo na brisanje\u00a0<\/strong>\u2013 imate pravo od nas tra\u017eiti brisanje osobnih podataka koji se odnose na vas ako smo ih nezakonito obradili ili ako osobni podaci vi\u0161e nisu nu\u017eni u odnosu na svrhu obrade ili sl. Molimo da uzmete u obzir da postoje razlozi koji onemogu\u0107uju trenuta\u010dno brisanje, primjerice radi postavljanja, ostvarivanja ili obrane pravnih zahtjeva, a o \u010demu \u0107emo vas detaljno izvijestiti u odnosu na svaki pojedini zahtjev;<\/li>\n<li><strong>pravo na ograni\u010denje obrade\u00a0<\/strong>\u2013 mo\u017eete od nas zatra\u017eiti ograni\u010denje obrade svojih podataka: ako osporavate to\u010dnost osobnih podataka tijekom razdoblja koji nam omogu\u0107uje provjeru to\u010dnosti tih podataka; ako je obrada nezakonita, ali se protivite brisanju i umjesto toga tra\u017eite ograni\u010denje uporabe tih podataka; ako nam podaci vi\u0161e nisu potrebni za potrebe obrade, ali ih tra\u017eite radi postavljanja, ostvarivanja i obrane pravnih zahtjeva; ako ste ulo\u017eili prigovor na obradu;<\/li>\n<li><strong>pravo na prenosivost podataka \u2013\u00a0<\/strong>imate pravo zaprimiti va\u0161e osobne podatke koje ste nam pru\u017eili, u strukturiranom, uobi\u010dajeno upotrebljavanom i strojno \u010ditljivom formatu te imate pravo prenijeti te podatke drugom voditelju obrade, ako se obrada temelji na privoli ili ugovoru i provodi se automatiziranim putem;<\/li>\n<li><strong>pravo na prigovor \u2013\u00a0<\/strong>u svakom trenutku mo\u017eete ulo\u017eiti prigovor na obradu va\u0161ih osobnih podataka, ako se obrada temelji na na\u0161im legitimnim interesima, uklju\u010duju\u0107i izradu profila ili ako va\u0161e podatke obra\u0111ujemo za potrebe izravnog marketinga;<\/li>\n<li><strong>pravo na pritu\u017ebu\u00a0<\/strong>\u2013 ako smatrate da smo obradom va\u0161ih osobnih podataka prekr\u0161ili Op\u0107u uredbu o za\u0161titi osobnih podataka ili druge propise u svezi sa za\u0161titom osobnih podataka, molimo da se obratite na\u0161em Povjereniku za za\u0161titu osobnih podataka (kontakt podaci povjerenika navedeni su na po\u010detku ove Politike privatnosti) kako bismo razjasnili sporna pitanja;<\/li>\n<li><strong>pravo na povla\u010denje privole \u2013\u00a0<\/strong>kad se obrada temelji na privoli, imate pravo u bilo kojem trenutku povu\u0107i privolu, s tim da to ne utje\u010de na zakonitost obrade koja se temeljila na privoli prije nego \u0161to je ona povu\u010dena, a povu\u0107i privolu mo\u017eete tako \u0161to o tome pisanim putem obavijestite Dru\u0161tvo: elektroni\u010dkom po\u0161tom ili po\u0161tom na adresu Dru\u0161tva (kontakt podaci Dru\u0161tva navedeni su na po\u010detku ove Politike privatnosti), ili pisanim putem obavijestite Povjerenika za za\u0161titu osobnih podataka (kontakt podaci povjerenika navedeni su na po\u010detku ove Politike privatnosti).<\/li>\n<li><strong>pravo na naknadu \u0161tete \u2013\u00a0<\/strong>ukoliko ste pretrpjeli (ne)imovinsku \u0161tetu zbog kr\u0161enja relevantnih zakonskih odredbi, imate pravo na naknadu za pretrpljenu \u0161tetu od Dru\u0161tva ili voditelja obrade ako je Dru\u0161tvo izvr\u0161itelj obrade.<\/li>\n<\/ul>\n<p>Na va\u0161 zahtjev odgovorit \u0107emo u primjerenom roku, a najkasnije u roku od mjesec dana od dana primitka zahtjeva, ukoliko nije tra\u017eeno du\u017ee vremensko razdoblje za isto, u kojem slu\u010daju isto razdoblje ne smije prema\u0161ivati 2 mjeseca.<\/p>\n<h3><strong>Napomene<\/strong><\/h3>\n<p>Ovaj dokument o postupanju s osobnim podacima redovno se a\u017eurira, a njegova najnovija verzija uvijek je dostupna na internetskim stranicama Dru\u0161tva<\/p>\n<p>Ova Politika privatnosti primjenjuje se od 25. svibnja 2018.<\/p>\n<\/div><\/section><\/div>","protected":false},"excerpt":{"rendered":"","protected":false},"author":1,"featured_media":0,"parent":0,"menu_order":0,"comment_status":"closed","ping_status":"closed","template":"","meta":{"inline_featured_image":false,"footnotes":""},"class_list":["post-5011","page","type-page","status-publish","hentry"],"yoast_head":"<!-- This site is optimized with the Yoast SEO plugin v27.4 - https:\/\/yoast.com\/product\/yoast-seo-wordpress\/ -->\n<title>Politika privatnosti - BALBOA<\/title>\n<meta name=\"robots\" content=\"index, follow, max-snippet:-1, max-image-preview:large, max-video-preview:-1\" \/>\n<link rel=\"canonical\" href=\"https:\/\/www.balboa.hr\/en\/politika-privatnosti\/\" \/>\n<meta property=\"og:locale\" content=\"en_US\" \/>\n<meta property=\"og:type\" content=\"article\" \/>\n<meta property=\"og:title\" content=\"Politika privatnosti - BALBOA\" \/>\n<meta property=\"og:url\" content=\"https:\/\/www.balboa.hr\/en\/politika-privatnosti\/\" \/>\n<meta property=\"og:site_name\" content=\"BALBOA\" \/>\n<meta property=\"article:publisher\" content=\"https:\/\/www.facebook.com\/Balboa-524400414336861\/\" \/>\n<meta property=\"og:image\" content=\"https:\/\/www.balboa.hr\/wp-content\/uploads\/2026\/03\/icon-brown.webp\" \/>\n\t<meta property=\"og:image:width\" content=\"400\" \/>\n\t<meta property=\"og:image:height\" content=\"400\" \/>\n\t<meta property=\"og:image:type\" content=\"image\/webp\" \/>\n<meta name=\"twitter:card\" content=\"summary_large_image\" \/>\n<meta name=\"twitter:label1\" content=\"Est. reading time\" \/>\n\t<meta name=\"twitter:data1\" content=\"12 minutes\" \/>\n<script type=\"application\/ld+json\" class=\"yoast-schema-graph\">{\"@context\":\"https:\\\/\\\/schema.org\",\"@graph\":[{\"@type\":\"WebPage\",\"@id\":\"https:\\\/\\\/www.balboa.hr\\\/hr\\\/politika-privatnosti\\\/\",\"url\":\"https:\\\/\\\/www.balboa.hr\\\/hr\\\/politika-privatnosti\\\/\",\"name\":\"Politika privatnosti - BALBOA\",\"isPartOf\":{\"@id\":\"https:\\\/\\\/www.balboa.hr\\\/#website\"},\"datePublished\":\"2018-05-29T08:02:06+00:00\",\"breadcrumb\":{\"@id\":\"https:\\\/\\\/www.balboa.hr\\\/hr\\\/politika-privatnosti\\\/#breadcrumb\"},\"inLanguage\":\"en-US\",\"potentialAction\":[{\"@type\":\"ReadAction\",\"target\":[\"https:\\\/\\\/www.balboa.hr\\\/hr\\\/politika-privatnosti\\\/\"]}]},{\"@type\":\"BreadcrumbList\",\"@id\":\"https:\\\/\\\/www.balboa.hr\\\/hr\\\/politika-privatnosti\\\/#breadcrumb\",\"itemListElement\":[{\"@type\":\"ListItem\",\"position\":1,\"name\":\"Home\",\"item\":\"https:\\\/\\\/www.balboa.hr\\\/\"},{\"@type\":\"ListItem\",\"position\":2,\"name\":\"Politika privatnosti\"}]},{\"@type\":\"WebSite\",\"@id\":\"https:\\\/\\\/www.balboa.hr\\\/#website\",\"url\":\"https:\\\/\\\/www.balboa.hr\\\/\",\"name\":\"Balboa\",\"description\":\"OPREMANJE I URE\u0110ENJE INTERIJERA\",\"publisher\":{\"@id\":\"https:\\\/\\\/www.balboa.hr\\\/#organization\"},\"alternateName\":\"Balboa\",\"potentialAction\":[{\"@type\":\"SearchAction\",\"target\":{\"@type\":\"EntryPoint\",\"urlTemplate\":\"https:\\\/\\\/www.balboa.hr\\\/?s={search_term_string}\"},\"query-input\":{\"@type\":\"PropertyValueSpecification\",\"valueRequired\":true,\"valueName\":\"search_term_string\"}}],\"inLanguage\":\"en-US\"},{\"@type\":\"Organization\",\"@id\":\"https:\\\/\\\/www.balboa.hr\\\/#organization\",\"name\":\"Balboa Design and Production\",\"alternateName\":\"Balboa Design and Production\",\"url\":\"https:\\\/\\\/www.balboa.hr\\\/\",\"logo\":{\"@type\":\"ImageObject\",\"inLanguage\":\"en-US\",\"@id\":\"https:\\\/\\\/www.balboa.hr\\\/#\\\/schema\\\/logo\\\/image\\\/\",\"url\":\"https:\\\/\\\/www.balboa.hr\\\/wp-content\\\/uploads\\\/2026\\\/03\\\/icon-brown@2x.webp\",\"contentUrl\":\"https:\\\/\\\/www.balboa.hr\\\/wp-content\\\/uploads\\\/2026\\\/03\\\/icon-brown@2x.webp\",\"width\":620,\"height\":620,\"caption\":\"Balboa Design and Production\"},\"image\":{\"@id\":\"https:\\\/\\\/www.balboa.hr\\\/#\\\/schema\\\/logo\\\/image\\\/\"},\"sameAs\":[\"https:\\\/\\\/www.facebook.com\\\/Balboa-524400414336861\\\/\",\"https:\\\/\\\/www.linkedin.com\\\/company\\\/balboa-croatia\\\/\",\"https:\\\/\\\/www.youtube.com\\\/@balboa-croatia\"]}]}<\/script>\n<!-- \/ Yoast SEO plugin. -->","yoast_head_json":{"title":"Politika privatnosti - BALBOA","robots":{"index":"index","follow":"follow","max-snippet":"max-snippet:-1","max-image-preview":"max-image-preview:large","max-video-preview":"max-video-preview:-1"},"canonical":"https:\/\/www.balboa.hr\/en\/politika-privatnosti\/","og_locale":"en_US","og_type":"article","og_title":"Politika privatnosti - BALBOA","og_url":"https:\/\/www.balboa.hr\/en\/politika-privatnosti\/","og_site_name":"BALBOA","article_publisher":"https:\/\/www.facebook.com\/Balboa-524400414336861\/","og_image":[{"width":400,"height":400,"url":"https:\/\/www.balboa.hr\/wp-content\/uploads\/2026\/03\/icon-brown.webp","type":"image\/webp"}],"twitter_card":"summary_large_image","twitter_misc":{"Est. reading time":"12 minutes"},"schema":{"@context":"https:\/\/schema.org","@graph":[{"@type":"WebPage","@id":"https:\/\/www.balboa.hr\/hr\/politika-privatnosti\/","url":"https:\/\/www.balboa.hr\/hr\/politika-privatnosti\/","name":"Politika privatnosti - BALBOA","isPartOf":{"@id":"https:\/\/www.balboa.hr\/#website"},"datePublished":"2018-05-29T08:02:06+00:00","breadcrumb":{"@id":"https:\/\/www.balboa.hr\/hr\/politika-privatnosti\/#breadcrumb"},"inLanguage":"en-US","potentialAction":[{"@type":"ReadAction","target":["https:\/\/www.balboa.hr\/hr\/politika-privatnosti\/"]}]},{"@type":"BreadcrumbList","@id":"https:\/\/www.balboa.hr\/hr\/politika-privatnosti\/#breadcrumb","itemListElement":[{"@type":"ListItem","position":1,"name":"Home","item":"https:\/\/www.balboa.hr\/"},{"@type":"ListItem","position":2,"name":"Politika privatnosti"}]},{"@type":"WebSite","@id":"https:\/\/www.balboa.hr\/#website","url":"https:\/\/www.balboa.hr\/","name":"Balboa","description":"OPREMANJE I URE\u0110ENJE INTERIJERA","publisher":{"@id":"https:\/\/www.balboa.hr\/#organization"},"alternateName":"Balboa","potentialAction":[{"@type":"SearchAction","target":{"@type":"EntryPoint","urlTemplate":"https:\/\/www.balboa.hr\/?s={search_term_string}"},"query-input":{"@type":"PropertyValueSpecification","valueRequired":true,"valueName":"search_term_string"}}],"inLanguage":"en-US"},{"@type":"Organization","@id":"https:\/\/www.balboa.hr\/#organization","name":"Balboa Design and Production","alternateName":"Balboa Design and Production","url":"https:\/\/www.balboa.hr\/","logo":{"@type":"ImageObject","inLanguage":"en-US","@id":"https:\/\/www.balboa.hr\/#\/schema\/logo\/image\/","url":"https:\/\/www.balboa.hr\/wp-content\/uploads\/2026\/03\/icon-brown@2x.webp","contentUrl":"https:\/\/www.balboa.hr\/wp-content\/uploads\/2026\/03\/icon-brown@2x.webp","width":620,"height":620,"caption":"Balboa Design and Production"},"image":{"@id":"https:\/\/www.balboa.hr\/#\/schema\/logo\/image\/"},"sameAs":["https:\/\/www.facebook.com\/Balboa-524400414336861\/","https:\/\/www.linkedin.com\/company\/balboa-croatia\/","https:\/\/www.youtube.com\/@balboa-croatia"]}]}},"_links":{"self":[{"href":"https:\/\/www.balboa.hr\/en\/wp-json\/wp\/v2\/pages\/5011","targetHints":{"allow":["GET"]}}],"collection":[{"href":"https:\/\/www.balboa.hr\/en\/wp-json\/wp\/v2\/pages"}],"about":[{"href":"https:\/\/www.balboa.hr\/en\/wp-json\/wp\/v2\/types\/page"}],"author":[{"embeddable":true,"href":"https:\/\/www.balboa.hr\/en\/wp-json\/wp\/v2\/users\/1"}],"replies":[{"embeddable":true,"href":"https:\/\/www.balboa.hr\/en\/wp-json\/wp\/v2\/comments?post=5011"}],"version-history":[{"count":0,"href":"https:\/\/www.balboa.hr\/en\/wp-json\/wp\/v2\/pages\/5011\/revisions"}],"wp:attachment":[{"href":"https:\/\/www.balboa.hr\/en\/wp-json\/wp\/v2\/media?parent=5011"}],"curies":[{"name":"wp","href":"https:\/\/api.w.org\/{rel}","templated":true}]}}